{"id":4609,"date":"2023-03-29T11:51:51","date_gmt":"2023-03-29T09:51:51","guid":{"rendered":"https:\/\/www2.celebrate.de\/?page_id=4609"},"modified":"2025-09-26T13:18:23","modified_gmt":"2025-09-26T11:18:23","slug":"2-colour-vinyl","status":"publish","type":"page","link":"https:\/\/www.celebrate.de\/en\/2-colour-vinyl\/","title":{"rendered":"2-colour vinyl"},"content":{"rendered":"\t\t<div data-elementor-type=\"wp-page\" data-elementor-id=\"4609\" class=\"elementor elementor-4609\" data-elementor-post-type=\"page\">\n\t\t\t\t<div class=\"elementor-element elementor-element-718167a elementor-hidden-mobile e-flex e-con-boxed e-con e-parent\" data-id=\"718167a\" data-element_type=\"container\" data-e-type=\"container\">\n\t\t\t\t\t<div class=\"e-con-inner\">\n\t\t<div class=\"elementor-element elementor-element-c06de0e e-con-full e-flex e-con e-child\" data-id=\"c06de0e\" data-element_type=\"container\" data-e-type=\"container\" data-settings=\"{&quot;background_background&quot;:&quot;classic&quot;}\">\n\t\t\t\t<div class=\"elementor-element elementor-element-fb794f7 elementor-widget elementor-widget-image\" data-id=\"fb794f7\" data-element_type=\"widget\" data-e-type=\"widget\" data-widget_type=\"image.default\">\n\t\t\t\t<div class=\"elementor-widget-container\">\n\t\t\t\t\t\t\t\t\t\t\t\t\t\t\t<img fetchpriority=\"high\" decoding=\"async\" width=\"1024\" height=\"1024\" src=\"https:\/\/www.celebrate.de\/wp-content\/uploads\/2024\/12\/FARBTABELLE.svg\" class=\"attachment-large size-large wp-image-13374\" alt=\"&quot;Farbschema&quot; in gr\u00fcner und wei\u00dfer Schrift\" \/>\t\t\t\t\t\t\t\t\t\t\t\t\t\t\t<\/div>\n\t\t\t\t<\/div>\n\t\t\t\t<\/div>\n\t\t<div class=\"elementor-element elementor-element-c4ae4e3 e-con-full e-flex e-con e-child\" data-id=\"c4ae4e3\" data-element_type=\"container\" data-e-type=\"container\">\n\t\t\t\t<div class=\"elementor-element elementor-element-849b6d8 elementor-widget elementor-widget-heading\" data-id=\"849b6d8\" data-element_type=\"widget\" data-e-type=\"widget\" data-widget_type=\"heading.default\">\n\t\t\t\t<div class=\"elementor-widget-container\">\n\t\t\t\t\t<h2 class=\"elementor-heading-title elementor-size-default\"><a href=\"https:\/\/www.celebrate.de\/farbtabelle\/\">GRUNDFARBEN<\/a><\/h2>\t\t\t\t<\/div>\n\t\t\t\t<\/div>\n\t\t\t\t<div class=\"elementor-element elementor-element-99cdb9a elementor-widget elementor-widget-heading\" data-id=\"99cdb9a\" data-element_type=\"widget\" data-e-type=\"widget\" data-widget_type=\"heading.default\">\n\t\t\t\t<div class=\"elementor-widget-container\">\n\t\t\t\t\t<h2 class=\"elementor-heading-title elementor-size-default\"><a href=\"https:\/\/www.celebrate.de\/extra-und-spezialfarben\/\">EXTRA-\/SPEZIALFARBEN<\/a><\/h2>\t\t\t\t<\/div>\n\t\t\t\t<\/div>\n\t\t\t\t<div class=\"elementor-element elementor-element-c88a3cb elementor-widget elementor-widget-heading\" data-id=\"c88a3cb\" data-element_type=\"widget\" data-e-type=\"widget\" data-widget_type=\"heading.default\">\n\t\t\t\t<div class=\"elementor-widget-container\">\n\t\t\t\t\t<h2 class=\"elementor-heading-title elementor-size-default\"><a href=\"https:\/\/www.celebrate.de\/splattervinyl\/\">SPLATTER-VINYL<\/a><\/h2>\t\t\t\t<\/div>\n\t\t\t\t<\/div>\n\t\t\t\t<div class=\"elementor-element elementor-element-107032c elementor-widget elementor-widget-heading\" data-id=\"107032c\" data-element_type=\"widget\" data-e-type=\"widget\" data-widget_type=\"heading.default\">\n\t\t\t\t<div class=\"elementor-widget-container\">\n\t\t\t\t\t<h2 class=\"elementor-heading-title elementor-size-default\"><a href=\"https:\/\/www.celebrate.de\/2-colour-vinyl\/\">2-COLOUR-VINYL<\/a><\/h2>\t\t\t\t<\/div>\n\t\t\t\t<\/div>\n\t\t\t\t<\/div>\n\t\t\t\t\t<\/div>\n\t\t\t\t<\/div>\n\t\t<div class=\"elementor-element elementor-element-fcb85ae elementor-hidden-mobile e-flex e-con-boxed e-con e-parent\" data-id=\"fcb85ae\" data-element_type=\"container\" data-e-type=\"container\">\n\t\t\t\t\t<div class=\"e-con-inner\">\n\t\t<div class=\"elementor-element elementor-element-f935636 e-con-full e-flex e-con e-child\" data-id=\"f935636\" data-element_type=\"container\" data-e-type=\"container\">\n\t\t\t\t<div class=\"elementor-element elementor-element-fc13761 gallery-spacing-custom elementor-widget elementor-widget-image-gallery\" data-id=\"fc13761\" data-element_type=\"widget\" data-e-type=\"widget\" data-settings=\"{&quot;_animation&quot;:&quot;none&quot;}\" data-widget_type=\"image-gallery.default\">\n\t\t\t\t<div class=\"elementor-widget-container\">\n\t\t\t\t\t\t\t<div class=\"elementor-image-gallery\">\n\t\t\t<div id='gallery-1' class='gallery galleryid-4609 gallery-columns-3 gallery-size-full'><figure class='gallery-item'>\n\t\t\t<div class='gallery-icon landscape'>\n\t\t\t\t<a data-elementor-open-lightbox=\"yes\" data-elementor-lightbox-slideshow=\"fc13761\" data-elementor-lightbox-description=\"2CO-001 - purple deckend + schwarz (PC3)\" data-e-action-hash=\"#elementor-action%3Aaction%3Dlightbox%26settings%3DeyJpZCI6NDYwMiwidXJsIjoiaHR0cHM6XC9cL3d3dy5jZWxlYnJhdGUuZGVcL3dwLWNvbnRlbnRcL3VwbG9hZHNcLzIwMjNcLzAzXC8yQ08tMDAxLnBuZyIsInNsaWRlc2hvdyI6ImZjMTM3NjEifQ%3D%3D\" href='https:\/\/www.celebrate.de\/wp-content\/uploads\/2023\/03\/2CO-001.png'><img decoding=\"async\" width=\"300\" height=\"300\" src=\"https:\/\/www.celebrate.de\/wp-content\/uploads\/2023\/03\/2CO-001.png\" class=\"attachment-full size-full\" alt=\"2CO-001 - purple deckend + schwarz (PC3)\" aria-describedby=\"gallery-1-4602\" srcset=\"https:\/\/www.celebrate.de\/wp-content\/uploads\/2023\/03\/2CO-001.png 300w, https:\/\/www.celebrate.de\/wp-content\/uploads\/2023\/03\/2CO-001-150x150.png 150w\" sizes=\"(max-width: 300px) 100vw, 300px\" \/><\/a>\n\t\t\t<\/div>\n\t\t\t\t<figcaption class='wp-caption-text gallery-caption' id='gallery-1-4602'>\n\t\t\t\t2CO-001 &#8211; purple deckend + schwarz  (PC3)\n\t\t\t\t<\/figcaption><\/figure><figure class='gallery-item'>\n\t\t\t<div class='gallery-icon landscape'>\n\t\t\t\t<a data-elementor-open-lightbox=\"yes\" data-elementor-lightbox-slideshow=\"fc13761\" data-elementor-lightbox-description=\"2CO-002 - gold deckend + silber deckend (PC3)\" data-e-action-hash=\"#elementor-action%3Aaction%3Dlightbox%26settings%3DeyJpZCI6NDYwMywidXJsIjoiaHR0cHM6XC9cL3d3dy5jZWxlYnJhdGUuZGVcL3dwLWNvbnRlbnRcL3VwbG9hZHNcLzIwMjNcLzAzXC8yQ08tMDAyLnBuZyIsInNsaWRlc2hvdyI6ImZjMTM3NjEifQ%3D%3D\" href='https:\/\/www.celebrate.de\/wp-content\/uploads\/2023\/03\/2CO-002.png'><img decoding=\"async\" width=\"300\" height=\"300\" src=\"https:\/\/www.celebrate.de\/wp-content\/uploads\/2023\/03\/2CO-002.png\" class=\"attachment-full size-full\" alt=\"2CO-002 - gold deckend + silber deckend (PC3)\" aria-describedby=\"gallery-1-4603\" srcset=\"https:\/\/www.celebrate.de\/wp-content\/uploads\/2023\/03\/2CO-002.png 300w, https:\/\/www.celebrate.de\/wp-content\/uploads\/2023\/03\/2CO-002-150x150.png 150w\" sizes=\"(max-width: 300px) 100vw, 300px\" \/><\/a>\n\t\t\t<\/div>\n\t\t\t\t<figcaption class='wp-caption-text gallery-caption' id='gallery-1-4603'>\n\t\t\t\t2CO-002 &#8211; gold deckend + silber deckend (PC3)\n\t\t\t\t<\/figcaption><\/figure><figure class='gallery-item'>\n\t\t\t<div class='gallery-icon landscape'>\n\t\t\t\t<a data-elementor-open-lightbox=\"yes\" data-elementor-lightbox-slideshow=\"fc13761\" data-elementor-lightbox-description=\"2CO-003 - gelb deckend + schwarz (PC3)\" data-e-action-hash=\"#elementor-action%3Aaction%3Dlightbox%26settings%3DeyJpZCI6NDYwNCwidXJsIjoiaHR0cHM6XC9cL3d3dy5jZWxlYnJhdGUuZGVcL3dwLWNvbnRlbnRcL3VwbG9hZHNcLzIwMjNcLzAzXC8yQ08tMDAzLnBuZyIsInNsaWRlc2hvdyI6ImZjMTM3NjEifQ%3D%3D\" href='https:\/\/www.celebrate.de\/wp-content\/uploads\/2023\/03\/2CO-003.png'><img loading=\"lazy\" decoding=\"async\" width=\"300\" height=\"300\" src=\"https:\/\/www.celebrate.de\/wp-content\/uploads\/2023\/03\/2CO-003.png\" class=\"attachment-full size-full\" alt=\"2CO-003 - gelb deckend + schwarz (PC3)\" aria-describedby=\"gallery-1-4604\" srcset=\"https:\/\/www.celebrate.de\/wp-content\/uploads\/2023\/03\/2CO-003.png 300w, https:\/\/www.celebrate.de\/wp-content\/uploads\/2023\/03\/2CO-003-150x150.png 150w\" sizes=\"(max-width: 300px) 100vw, 300px\" \/><\/a>\n\t\t\t<\/div>\n\t\t\t\t<figcaption class='wp-caption-text gallery-caption' id='gallery-1-4604'>\n\t\t\t\t2CO-003 &#8211; gelb deckend +  schwarz (PC3)\n\t\t\t\t<\/figcaption><\/figure><figure class='gallery-item'>\n\t\t\t<div class='gallery-icon landscape'>\n\t\t\t\t<a data-elementor-open-lightbox=\"yes\" data-elementor-lightbox-slideshow=\"fc13761\" data-elementor-lightbox-description=\"2CO-004 - top clear + schwarz (PC3)\" data-e-action-hash=\"#elementor-action%3Aaction%3Dlightbox%26settings%3DeyJpZCI6NDYwNSwidXJsIjoiaHR0cHM6XC9cL3d3dy5jZWxlYnJhdGUuZGVcL3dwLWNvbnRlbnRcL3VwbG9hZHNcLzIwMjNcLzAzXC8yQ08tMDA0LnBuZyIsInNsaWRlc2hvdyI6ImZjMTM3NjEifQ%3D%3D\" href='https:\/\/www.celebrate.de\/wp-content\/uploads\/2023\/03\/2CO-004.png'><img loading=\"lazy\" decoding=\"async\" width=\"300\" height=\"300\" src=\"https:\/\/www.celebrate.de\/wp-content\/uploads\/2023\/03\/2CO-004.png\" class=\"attachment-full size-full\" alt=\"2CO-004 - top clear + schwarz (PC3)\" aria-describedby=\"gallery-1-4605\" srcset=\"https:\/\/www.celebrate.de\/wp-content\/uploads\/2023\/03\/2CO-004.png 300w, https:\/\/www.celebrate.de\/wp-content\/uploads\/2023\/03\/2CO-004-150x150.png 150w\" sizes=\"(max-width: 300px) 100vw, 300px\" \/><\/a>\n\t\t\t<\/div>\n\t\t\t\t<figcaption class='wp-caption-text gallery-caption' id='gallery-1-4605'>\n\t\t\t\t2CO-004 &#8211; top clear + schwarz (PC3)\n\t\t\t\t<\/figcaption><\/figure><figure class='gallery-item'>\n\t\t\t<div class='gallery-icon landscape'>\n\t\t\t\t<a data-elementor-open-lightbox=\"yes\" data-elementor-lightbox-slideshow=\"fc13761\" data-elementor-lightbox-description=\"2CO-005 - rot deckend + schwarz (PC3)\" data-e-action-hash=\"#elementor-action%3Aaction%3Dlightbox%26settings%3DeyJpZCI6MTMyNjIsInVybCI6Imh0dHBzOlwvXC93d3cuY2VsZWJyYXRlLmRlXC93cC1jb250ZW50XC91cGxvYWRzXC8yMDI0XC8xMVwvMkNPLTAwNS5wbmciLCJzbGlkZXNob3ciOiJmYzEzNzYxIn0%3D\" href='https:\/\/www.celebrate.de\/wp-content\/uploads\/2024\/11\/2CO-005.png'><img loading=\"lazy\" decoding=\"async\" width=\"300\" height=\"300\" src=\"https:\/\/www.celebrate.de\/wp-content\/uploads\/2024\/11\/2CO-005.png\" class=\"attachment-full size-full\" alt=\"2CO-005 - rot deckend + schwarz (PC3)\" aria-describedby=\"gallery-1-13262\" srcset=\"https:\/\/www.celebrate.de\/wp-content\/uploads\/2024\/11\/2CO-005.png 300w, https:\/\/www.celebrate.de\/wp-content\/uploads\/2024\/11\/2CO-005-150x150.png 150w, https:\/\/www.celebrate.de\/wp-content\/uploads\/2024\/11\/2CO-005-12x12.png 12w\" sizes=\"(max-width: 300px) 100vw, 300px\" \/><\/a>\n\t\t\t<\/div>\n\t\t\t\t<figcaption class='wp-caption-text gallery-caption' id='gallery-1-13262'>\n\t\t\t\t2CO-005 &#8211; rot deckend + schwarz (PC3)\n\t\t\t\t<\/figcaption><\/figure>\n\t\t<\/div>\n\t\t<\/div>\n\t\t\t\t\t\t<\/div>\n\t\t\t\t<\/div>\n\t\t\t\t<\/div>\n\t\t<div class=\"elementor-element elementor-element-b6d3d54 e-con-full e-flex e-con e-child\" data-id=\"b6d3d54\" data-element_type=\"container\" data-e-type=\"container\">\n\t\t<div class=\"elementor-element elementor-element-2663505 e-con-full e-flex e-con e-child\" data-id=\"2663505\" data-element_type=\"container\" data-e-type=\"container\" data-settings=\"{&quot;background_background&quot;:&quot;classic&quot;}\">\n\t\t\t\t<div class=\"elementor-element elementor-element-1b0a8dc elementor-widget elementor-widget-heading\" data-id=\"1b0a8dc\" data-element_type=\"widget\" data-e-type=\"widget\" data-widget_type=\"heading.default\">\n\t\t\t\t<div class=\"elementor-widget-container\">\n\t\t\t\t\t<h2 class=\"elementor-heading-title elementor-size-default\">Hinweise:<\/h2>\t\t\t\t<\/div>\n\t\t\t\t<\/div>\n\t\t\t\t<div class=\"elementor-element elementor-element-3deecbb elementor-widget elementor-widget-text-editor\" data-id=\"3deecbb\" data-element_type=\"widget\" data-e-type=\"widget\" data-widget_type=\"text-editor.default\">\n\t\t\t\t<div class=\"elementor-widget-container\">\n\t\t\t\t\t\t\t\t\t<p>* Bei Farben mit Schlieren kann die Menge und Intensit\u00e4t der Schlieren unterschiedlich ausfallen. Jede Platte ist ein Unikat.<\/p>\t\t\t\t\t\t\t\t<\/div>\n\t\t\t\t<\/div>\n\t\t\t\t<div class=\"elementor-element elementor-element-bb918a9 elementor-widget elementor-widget-text-editor\" data-id=\"bb918a9\" data-element_type=\"widget\" data-e-type=\"widget\" data-widget_type=\"text-editor.default\">\n\t\t\t\t<div class=\"elementor-widget-container\">\n\t\t\t\t\t\t\t\t\t<p>Bitte beachtet, dass die Darstellung der einzelnen Farben abh\u00e4ngig vom Bildschirm und euren jeweiligen Display-Settings abweichen kann.<\/p>\t\t\t\t\t\t\t\t<\/div>\n\t\t\t\t<\/div>\n\t\t\t\t<\/div>\n\t\t<div class=\"elementor-element elementor-element-2741511 e-con-full e-flex e-con e-child\" data-id=\"2741511\" data-element_type=\"container\" data-e-type=\"container\" data-settings=\"{&quot;background_background&quot;:&quot;classic&quot;,&quot;sticky&quot;:&quot;top&quot;,&quot;sticky_offset&quot;:150,&quot;sticky_on&quot;:[&quot;desktop&quot;,&quot;laptop&quot;,&quot;tablet&quot;,&quot;mobile&quot;],&quot;sticky_effects_offset&quot;:0,&quot;sticky_anchor_link_offset&quot;:0}\">\n\t\t\t\t<div class=\"elementor-element elementor-element-b099de3 elementor-widget elementor-widget-image\" data-id=\"b099de3\" data-element_type=\"widget\" data-e-type=\"widget\" data-widget_type=\"image.default\">\n\t\t\t\t<div class=\"elementor-widget-container\">\n\t\t\t\t\t\t\t\t\t\t\t\t\t\t\t<img loading=\"lazy\" decoding=\"async\" width=\"350\" height=\"201\" src=\"https:\/\/www.celebrate.de\/wp-content\/uploads\/2025\/09\/Schallplattenwand.jpg\" class=\"attachment-large size-large wp-image-15818\" alt=\"farbige Schallplatten\" srcset=\"https:\/\/www.celebrate.de\/wp-content\/uploads\/2025\/09\/Schallplattenwand.jpg 350w, https:\/\/www.celebrate.de\/wp-content\/uploads\/2025\/09\/Schallplattenwand-300x172.jpg 300w, https:\/\/www.celebrate.de\/wp-content\/uploads\/2025\/09\/Schallplattenwand-18x10.jpg 18w\" sizes=\"(max-width: 350px) 100vw, 350px\" \/>\t\t\t\t\t\t\t\t\t\t\t\t\t\t\t<\/div>\n\t\t\t\t<\/div>\n\t\t\t\t<\/div>\n\t\t\t\t<\/div>\n\t\t\t\t\t<\/div>\n\t\t\t\t<\/div>\n\t\t\t\t<\/div>\n\t\t","protected":false},"excerpt":{"rendered":"<p>GRUNDFARBEN EXTRA-\/SPEZIALFARBEN SPLATTER-VINYL 2-COLOUR-VINYL 2CO-001 &#8211; purple deckend + schwarz (PC3) 2CO-002 &#8211; gold deckend + silber deckend (PC3) 2CO-003 &#8211; gelb deckend + schwarz (PC3) 2CO-004 &#8211; top clear + schwarz (PC3) 2CO-005 &#8211; rot deckend + schwarz (PC3) Hinweise: * Bei Farben mit Schlieren kann die Menge und Intensit\u00e4t der Schlieren unterschiedlich ausfallen. [&hellip;]<\/p>\n","protected":false},"author":2,"featured_media":0,"parent":0,"menu_order":0,"comment_status":"closed","ping_status":"closed","template":"","meta":{"inline_featured_image":false,"_monsterinsights_skip_tracking":false,"_monsterinsights_sitenote_active":false,"_monsterinsights_sitenote_note":"","_monsterinsights_sitenote_category":0,"_uf_show_specific_survey":0,"_uf_disable_surveys":false,"site-sidebar-layout":"no-sidebar","site-content-layout":"page-builder","ast-site-content-layout":"full-width-container","site-content-style":"unboxed","site-sidebar-style":"unboxed","ast-global-header-display":"","ast-banner-title-visibility":"","ast-main-header-display":"","ast-hfb-above-header-display":"","ast-hfb-below-header-display":"","ast-hfb-mobile-header-display":"","site-post-title":"disabled","ast-breadcrumbs-content":"","ast-featured-img":"disabled","footer-sml-layout":"","ast-disable-related-posts":"","theme-transparent-header-meta":"","adv-header-id-meta":"","stick-header-meta":"","header-above-stick-meta":"","header-main-stick-meta":"","header-below-stick-meta":"","astra-migrate-meta-layouts":"set","ast-page-background-enabled":"default","ast-page-background-meta":{"desktop":{"background-color":"var(--ast-global-color-4)","background-image":"","background-repeat":"repeat","background-position":"center center","background-size":"auto","background-attachment":"scroll","background-type":"","background-media":"","overlay-type":"","overlay-color":"","overlay-opacity":"","overlay-gradient":""},"tablet":{"background-color":"","background-image":"","background-repeat":"repeat","background-position":"center center","background-size":"auto","background-attachment":"scroll","background-type":"","background-media":"","overlay-type":"","overlay-color":"","overlay-opacity":"","overlay-gradient":""},"mobile":{"background-color":"","background-image":"","background-repeat":"repeat","background-position":"center center","background-size":"auto","background-attachment":"scroll","background-type":"","background-media":"","overlay-type":"","overlay-color":"","overlay-opacity":"","overlay-gradient":""}},"ast-content-background-meta":{"desktop":{"background-color":"var(--ast-global-color-5)","background-image":"","background-repeat":"repeat","background-position":"center center","background-size":"auto","background-attachment":"scroll","background-type":"","background-media":"","overlay-type":"","overlay-color":"","overlay-opacity":"","overlay-gradient":""},"tablet":{"background-color":"var(--ast-global-color-5)","background-image":"","background-repeat":"repeat","background-position":"center center","background-size":"auto","background-attachment":"scroll","background-type":"","background-media":"","overlay-type":"","overlay-color":"","overlay-opacity":"","overlay-gradient":""},"mobile":{"background-color":"var(--ast-global-color-5)","background-image":"","background-repeat":"repeat","background-position":"center center","background-size":"auto","background-attachment":"scroll","background-type":"","background-media":"","overlay-type":"","overlay-color":"","overlay-opacity":"","overlay-gradient":""}},"footnotes":""},"class_list":["post-4609","page","type-page","status-publish","hentry"],"yoast_head":"<!-- This site is optimized with the Yoast SEO plugin v27.5 - https:\/\/yoast.com\/product\/yoast-seo-wordpress\/ -->\n<title>2-farbiges Vinyl - erh\u00e4ltliche Farbkombinationen<\/title>\n<meta name=\"description\" content=\"2-color-vinyl - aktuelle Angebote f\u00fcr zweifarbige Vinylpressungen. Kontaktieren Sie uns gerne f\u00fcr weitere Informationen.\" \/>\n<meta name=\"robots\" content=\"index, follow, max-snippet:-1, max-image-preview:large, max-video-preview:-1\" \/>\n<link rel=\"canonical\" href=\"https:\/\/www.celebrate.de\/en\/2-colour-vinyl\/\" \/>\n<meta property=\"og:locale\" content=\"en_US\" \/>\n<meta property=\"og:type\" content=\"article\" \/>\n<meta property=\"og:title\" content=\"2-farbiges Vinyl - erh\u00e4ltliche Farbkombinationen\" \/>\n<meta property=\"og:description\" content=\"2-color-vinyl - aktuelle Angebote f\u00fcr zweifarbige Vinylpressungen. Kontaktieren Sie uns gerne f\u00fcr weitere Informationen.\" \/>\n<meta property=\"og:url\" content=\"https:\/\/www.celebrate.de\/en\/2-colour-vinyl\/\" \/>\n<meta property=\"og:site_name\" content=\"celebrate records\" \/>\n<meta property=\"article:publisher\" content=\"https:\/\/www.facebook.com\/VinylRecordPressingCelebrate\" \/>\n<meta property=\"article:modified_time\" content=\"2025-09-26T11:18:23+00:00\" \/>\n<meta name=\"twitter:card\" content=\"summary_large_image\" \/>\n<meta name=\"twitter:label1\" content=\"Est. reading time\" \/>\n\t<meta name=\"twitter:data1\" content=\"2 minutes\" \/>\n<script type=\"application\/ld+json\" class=\"yoast-schema-graph\">{\"@context\":\"https:\\\/\\\/schema.org\",\"@graph\":[{\"@type\":\"WebPage\",\"@id\":\"https:\\\/\\\/www.celebrate.de\\\/2-colour-vinyl\\\/\",\"url\":\"https:\\\/\\\/www.celebrate.de\\\/2-colour-vinyl\\\/\",\"name\":\"2-farbiges Vinyl - erh\u00e4ltliche Farbkombinationen\",\"isPartOf\":{\"@id\":\"https:\\\/\\\/www.celebrate.de\\\/#website\"},\"primaryImageOfPage\":{\"@id\":\"https:\\\/\\\/www.celebrate.de\\\/2-colour-vinyl\\\/#primaryimage\"},\"image\":{\"@id\":\"https:\\\/\\\/www.celebrate.de\\\/2-colour-vinyl\\\/#primaryimage\"},\"thumbnailUrl\":\"https:\\\/\\\/www.celebrate.de\\\/wp-content\\\/uploads\\\/2024\\\/12\\\/FARBTABELLE.svg\",\"datePublished\":\"2023-03-29T09:51:51+00:00\",\"dateModified\":\"2025-09-26T11:18:23+00:00\",\"description\":\"2-color-vinyl - aktuelle Angebote f\u00fcr zweifarbige Vinylpressungen. Kontaktieren Sie uns gerne f\u00fcr weitere Informationen.\",\"breadcrumb\":{\"@id\":\"https:\\\/\\\/www.celebrate.de\\\/2-colour-vinyl\\\/#breadcrumb\"},\"inLanguage\":\"en-US\",\"potentialAction\":[{\"@type\":\"ReadAction\",\"target\":[\"https:\\\/\\\/www.celebrate.de\\\/2-colour-vinyl\\\/\"]}]},{\"@type\":\"ImageObject\",\"inLanguage\":\"en-US\",\"@id\":\"https:\\\/\\\/www.celebrate.de\\\/2-colour-vinyl\\\/#primaryimage\",\"url\":\"https:\\\/\\\/www.celebrate.de\\\/wp-content\\\/uploads\\\/2024\\\/12\\\/FARBTABELLE.svg\",\"contentUrl\":\"https:\\\/\\\/www.celebrate.de\\\/wp-content\\\/uploads\\\/2024\\\/12\\\/FARBTABELLE.svg\"},{\"@type\":\"BreadcrumbList\",\"@id\":\"https:\\\/\\\/www.celebrate.de\\\/2-colour-vinyl\\\/#breadcrumb\",\"itemListElement\":[{\"@type\":\"ListItem\",\"position\":1,\"name\":\"Startseite\",\"item\":\"https:\\\/\\\/www.celebrate.de\\\/\"},{\"@type\":\"ListItem\",\"position\":2,\"name\":\"2-colour vinyl\"}]},{\"@type\":\"WebSite\",\"@id\":\"https:\\\/\\\/www.celebrate.de\\\/#website\",\"url\":\"https:\\\/\\\/www.celebrate.de\\\/\",\"name\":\"celebrate records vinyl record pressing plant\",\"description\":\"Vinyl record pressing plant, Schallplatten Presswerk, Schallplatten pressen lassen\",\"publisher\":{\"@id\":\"https:\\\/\\\/www.celebrate.de\\\/#organization\"},\"potentialAction\":[{\"@type\":\"SearchAction\",\"target\":{\"@type\":\"EntryPoint\",\"urlTemplate\":\"https:\\\/\\\/www.celebrate.de\\\/?s={search_term_string}\"},\"query-input\":{\"@type\":\"PropertyValueSpecification\",\"valueRequired\":true,\"valueName\":\"search_term_string\"}}],\"inLanguage\":\"en-US\"},{\"@type\":\"Organization\",\"@id\":\"https:\\\/\\\/www.celebrate.de\\\/#organization\",\"name\":\"celebrate records GmbH\",\"url\":\"https:\\\/\\\/www.celebrate.de\\\/\",\"logo\":{\"@type\":\"ImageObject\",\"inLanguage\":\"en-US\",\"@id\":\"https:\\\/\\\/www.celebrate.de\\\/#\\\/schema\\\/logo\\\/image\\\/\",\"url\":\"https:\\\/\\\/www.celebrate.de\\\/wp-content\\\/uploads\\\/2022\\\/10\\\/cropped-Zeichenflaeche-2-8.png\",\"contentUrl\":\"https:\\\/\\\/www.celebrate.de\\\/wp-content\\\/uploads\\\/2022\\\/10\\\/cropped-Zeichenflaeche-2-8.png\",\"width\":714,\"height\":421,\"caption\":\"celebrate records GmbH\"},\"image\":{\"@id\":\"https:\\\/\\\/www.celebrate.de\\\/#\\\/schema\\\/logo\\\/image\\\/\"},\"sameAs\":[\"https:\\\/\\\/www.facebook.com\\\/VinylRecordPressingCelebrate\"]}]}<\/script>\n<!-- \/ Yoast SEO plugin. -->","yoast_head_json":{"title":"2-farbiges Vinyl - erh\u00e4ltliche Farbkombinationen","description":"2-color-vinyl - aktuelle Angebote f\u00fcr zweifarbige Vinylpressungen. Kontaktieren Sie uns gerne f\u00fcr weitere Informationen.","robots":{"index":"index","follow":"follow","max-snippet":"max-snippet:-1","max-image-preview":"max-image-preview:large","max-video-preview":"max-video-preview:-1"},"canonical":"https:\/\/www.celebrate.de\/en\/2-colour-vinyl\/","og_locale":"en_US","og_type":"article","og_title":"2-farbiges Vinyl - erh\u00e4ltliche Farbkombinationen","og_description":"2-color-vinyl - aktuelle Angebote f\u00fcr zweifarbige Vinylpressungen. Kontaktieren Sie uns gerne f\u00fcr weitere Informationen.","og_url":"https:\/\/www.celebrate.de\/en\/2-colour-vinyl\/","og_site_name":"celebrate records","article_publisher":"https:\/\/www.facebook.com\/VinylRecordPressingCelebrate","article_modified_time":"2025-09-26T11:18:23+00:00","twitter_card":"summary_large_image","twitter_misc":{"Est. reading time":"2 minutes"},"schema":{"@context":"https:\/\/schema.org","@graph":[{"@type":"WebPage","@id":"https:\/\/www.celebrate.de\/2-colour-vinyl\/","url":"https:\/\/www.celebrate.de\/2-colour-vinyl\/","name":"2-farbiges Vinyl - erh\u00e4ltliche Farbkombinationen","isPartOf":{"@id":"https:\/\/www.celebrate.de\/#website"},"primaryImageOfPage":{"@id":"https:\/\/www.celebrate.de\/2-colour-vinyl\/#primaryimage"},"image":{"@id":"https:\/\/www.celebrate.de\/2-colour-vinyl\/#primaryimage"},"thumbnailUrl":"https:\/\/www.celebrate.de\/wp-content\/uploads\/2024\/12\/FARBTABELLE.svg","datePublished":"2023-03-29T09:51:51+00:00","dateModified":"2025-09-26T11:18:23+00:00","description":"2-color-vinyl - aktuelle Angebote f\u00fcr zweifarbige Vinylpressungen. Kontaktieren Sie uns gerne f\u00fcr weitere Informationen.","breadcrumb":{"@id":"https:\/\/www.celebrate.de\/2-colour-vinyl\/#breadcrumb"},"inLanguage":"en-US","potentialAction":[{"@type":"ReadAction","target":["https:\/\/www.celebrate.de\/2-colour-vinyl\/"]}]},{"@type":"ImageObject","inLanguage":"en-US","@id":"https:\/\/www.celebrate.de\/2-colour-vinyl\/#primaryimage","url":"https:\/\/www.celebrate.de\/wp-content\/uploads\/2024\/12\/FARBTABELLE.svg","contentUrl":"https:\/\/www.celebrate.de\/wp-content\/uploads\/2024\/12\/FARBTABELLE.svg"},{"@type":"BreadcrumbList","@id":"https:\/\/www.celebrate.de\/2-colour-vinyl\/#breadcrumb","itemListElement":[{"@type":"ListItem","position":1,"name":"Startseite","item":"https:\/\/www.celebrate.de\/"},{"@type":"ListItem","position":2,"name":"2-colour vinyl"}]},{"@type":"WebSite","@id":"https:\/\/www.celebrate.de\/#website","url":"https:\/\/www.celebrate.de\/","name":"celebrate records vinyl record pressing plant","description":"Vinyl record pressing plant, Schallplatten Presswerk, Schallplatten pressen lassen","publisher":{"@id":"https:\/\/www.celebrate.de\/#organization"},"potentialAction":[{"@type":"SearchAction","target":{"@type":"EntryPoint","urlTemplate":"https:\/\/www.celebrate.de\/?s={search_term_string}"},"query-input":{"@type":"PropertyValueSpecification","valueRequired":true,"valueName":"search_term_string"}}],"inLanguage":"en-US"},{"@type":"Organization","@id":"https:\/\/www.celebrate.de\/#organization","name":"celebrate records GmbH","url":"https:\/\/www.celebrate.de\/","logo":{"@type":"ImageObject","inLanguage":"en-US","@id":"https:\/\/www.celebrate.de\/#\/schema\/logo\/image\/","url":"https:\/\/www.celebrate.de\/wp-content\/uploads\/2022\/10\/cropped-Zeichenflaeche-2-8.png","contentUrl":"https:\/\/www.celebrate.de\/wp-content\/uploads\/2022\/10\/cropped-Zeichenflaeche-2-8.png","width":714,"height":421,"caption":"celebrate records GmbH"},"image":{"@id":"https:\/\/www.celebrate.de\/#\/schema\/logo\/image\/"},"sameAs":["https:\/\/www.facebook.com\/VinylRecordPressingCelebrate"]}]}},"_links":{"self":[{"href":"https:\/\/www.celebrate.de\/en\/wp-json\/wp\/v2\/pages\/4609","targetHints":{"allow":["GET"]}}],"collection":[{"href":"https:\/\/www.celebrate.de\/en\/wp-json\/wp\/v2\/pages"}],"about":[{"href":"https:\/\/www.celebrate.de\/en\/wp-json\/wp\/v2\/types\/page"}],"author":[{"embeddable":true,"href":"https:\/\/www.celebrate.de\/en\/wp-json\/wp\/v2\/users\/2"}],"replies":[{"embeddable":true,"href":"https:\/\/www.celebrate.de\/en\/wp-json\/wp\/v2\/comments?post=4609"}],"version-history":[{"count":10,"href":"https:\/\/www.celebrate.de\/en\/wp-json\/wp\/v2\/pages\/4609\/revisions"}],"predecessor-version":[{"id":15888,"href":"https:\/\/www.celebrate.de\/en\/wp-json\/wp\/v2\/pages\/4609\/revisions\/15888"}],"wp:attachment":[{"href":"https:\/\/www.celebrate.de\/en\/wp-json\/wp\/v2\/media?parent=4609"}],"curies":[{"name":"wp","href":"https:\/\/api.w.org\/{rel}","templated":true}]}}