{"id":5904,"date":"2023-05-09T14:11:10","date_gmt":"2023-05-09T12:11:10","guid":{"rendered":"https:\/\/www.celebrate.de\/?page_id=5904"},"modified":"2025-10-02T09:12:38","modified_gmt":"2025-10-02T07:12:38","slug":"produktionsschritt-finish-pressung-celebrate-records","status":"publish","type":"page","link":"https:\/\/www.celebrate.de\/en\/produktionsschritt-finish-pressung-celebrate-records\/","title":{"rendered":"finish pressing"},"content":{"rendered":"<div data-elementor-type=\"wp-page\" data-elementor-id=\"5904\" class=\"elementor elementor-5904\" data-elementor-post-type=\"page\">\n\t\t\t\t<div class=\"elementor-element elementor-element-6029b35 e-flex e-con-boxed e-con e-parent\" data-id=\"6029b35\" data-element_type=\"container\" data-e-type=\"container\" data-settings=\"{&quot;background_background&quot;:&quot;classic&quot;}\">\n\t\t\t\t\t<div class=\"e-con-inner\">\n\t\t<div class=\"elementor-element elementor-element-df0e0d6 e-con-full animated-slow e-flex elementor-invisible e-con e-child\" data-id=\"df0e0d6\" data-element_type=\"container\" data-e-type=\"container\" data-settings=\"{&quot;animation&quot;:&quot;fadeIn&quot;}\">\n\t\t\t\t<div class=\"elementor-element elementor-element-93bc659 elementor-widget elementor-widget-heading\" data-id=\"93bc659\" data-element_type=\"widget\" data-e-type=\"widget\" data-widget_type=\"heading.default\">\n\t\t\t\t<div class=\"elementor-widget-container\">\n\t\t\t\t\t<h2 class=\"elementor-heading-title elementor-size-default\">Finish-Pressing<\/h2>\t\t\t\t<\/div>\n\t\t\t\t<\/div>\n\t\t\t\t<div class=\"elementor-element elementor-element-5ff3c14 elementor-hidden-desktop elementor-hidden-tablet elementor-widget elementor-widget-image\" data-id=\"5ff3c14\" data-element_type=\"widget\" data-e-type=\"widget\" data-widget_type=\"image.default\">\n\t\t\t\t<div class=\"elementor-widget-container\">\n\t\t\t\t\t\t\t\t\t\t\t\t\t\t\t<img fetchpriority=\"high\" decoding=\"async\" width=\"850\" height=\"401\" src=\"https:\/\/www.celebrate.de\/wp-content\/uploads\/2023\/05\/pressung.png\" class=\"attachment-large size-large wp-image-6421\" alt=\"\" srcset=\"https:\/\/www.celebrate.de\/wp-content\/uploads\/2023\/05\/pressung.png 850w, https:\/\/www.celebrate.de\/wp-content\/uploads\/2023\/05\/pressung-300x142.png 300w, https:\/\/www.celebrate.de\/wp-content\/uploads\/2023\/05\/pressung-768x362.png 768w\" sizes=\"(max-width: 850px) 100vw, 850px\" \/>\t\t\t\t\t\t\t\t\t\t\t\t\t\t\t<\/div>\n\t\t\t\t<\/div>\n\t\t\t\t<div class=\"elementor-element elementor-element-8319764 elementor-widget elementor-widget-text-editor\" data-id=\"8319764\" data-element_type=\"widget\" data-e-type=\"widget\" data-widget_type=\"text-editor.default\">\n\t\t\t\t<div class=\"elementor-widget-container\">\n\t\t\t\t\t\t\t\t\t<p><strong>Your vinyl goes into production.<\/strong><\/p><p><strong>We do another quality check and get started.<\/strong><\/p>\t\t\t\t\t\t\t\t<\/div>\n\t\t\t\t<\/div>\n\t\t\t\t<div class=\"elementor-element elementor-element-af00181 elementor-list-item-link-full_width elementor-widget elementor-widget-icon-list\" data-id=\"af00181\" data-element_type=\"widget\" data-e-type=\"widget\" data-widget_type=\"icon-list.default\">\n\t\t\t\t<div class=\"elementor-widget-container\">\n\t\t\t\t\t\t\t<ul class=\"elementor-icon-list-items\">\n\t\t\t\t\t\t\t<li class=\"elementor-icon-list-item\">\n\t\t\t\t\t\t\t\t\t\t\t<a href=\"https:\/\/www.celebrate.de\/en\/farbtabelle\/\">\n\n\t\t\t\t\t\t\t\t\t\t\t\t<span class=\"elementor-icon-list-icon\">\n\t\t\t\t\t\t\t<svg aria-hidden=\"true\" class=\"e-font-icon-svg e-fas-circle\" viewbox=\"0 0 512 512\" xmlns=\"http:\/\/www.w3.org\/2000\/svg\"><path d=\"M256 8C119 8 8 119 8 256s111 248 248 248 248-111 248-248S393 8 256 8z\"><\/path><\/svg>\t\t\t\t\t\t<\/span>\n\t\t\t\t\t\t\t\t\t\t<span class=\"elementor-icon-list-text\">Here you will find our currently available vinyl colors.<\/span>\n\t\t\t\t\t\t\t\t\t\t\t<\/a>\n\t\t\t\t\t\t\t\t\t<\/li>\n\t\t\t\t\t\t<\/ul>\n\t\t\t\t\t\t<\/div>\n\t\t\t\t<\/div>\n\t\t\t\t<div class=\"elementor-element elementor-element-f1a4344 elementor-list-item-link-full_width elementor-widget elementor-widget-icon-list\" data-id=\"f1a4344\" data-element_type=\"widget\" data-e-type=\"widget\" data-widget_type=\"icon-list.default\">\n\t\t\t\t<div class=\"elementor-widget-container\">\n\t\t\t\t\t\t\t<ul class=\"elementor-icon-list-items\">\n\t\t\t\t\t\t\t<li class=\"elementor-icon-list-item\">\n\t\t\t\t\t\t\t\t\t\t\t<a href=\"#hilfe-popup\">\n\n\t\t\t\t\t\t\t\t\t\t\t\t<span class=\"elementor-icon-list-icon\">\n\t\t\t\t\t\t\t<svg aria-hidden=\"true\" class=\"e-font-icon-svg e-fas-question\" viewbox=\"0 0 384 512\" xmlns=\"http:\/\/www.w3.org\/2000\/svg\"><path d=\"M202.021 0C122.202 0 70.503 32.703 29.914 91.026c-7.363 10.58-5.093 25.086 5.178 32.874l43.138 32.709c10.373 7.865 25.132 6.026 33.253-4.148 25.049-31.381 43.63-49.449 82.757-49.449 30.764 0 68.816 19.799 68.816 49.631 0 22.552-18.617 34.134-48.993 51.164-35.423 19.86-82.299 44.576-82.299 106.405V320c0 13.255 10.745 24 24 24h72.471c13.255 0 24-10.745 24-24v-5.773c0-42.86 125.268-44.645 125.268-160.627C377.504 66.256 286.902 0 202.021 0zM192 373.459c-38.196 0-69.271 31.075-69.271 69.271 0 38.195 31.075 69.27 69.271 69.27s69.271-31.075 69.271-69.271-31.075-69.27-69.271-69.27z\"><\/path><\/svg>\t\t\t\t\t\t<\/span>\n\t\t\t\t\t\t\t\t\t\t<span class=\"elementor-icon-list-text\">need help?<\/span>\n\t\t\t\t\t\t\t\t\t\t\t<\/a>\n\t\t\t\t\t\t\t\t\t<\/li>\n\t\t\t\t\t\t<\/ul>\n\t\t\t\t\t\t<\/div>\n\t\t\t\t<\/div>\n\t\t\t\t<\/div>\n\t\t<div class=\"elementor-element elementor-element-1ca8d3a e-con-full animated-slow e-flex elementor-invisible e-con e-child\" data-id=\"1ca8d3a\" data-element_type=\"container\" data-e-type=\"container\" data-settings=\"{&quot;animation&quot;:&quot;fadeIn&quot;,&quot;animation_delay&quot;:1000}\">\n\t\t\t\t<div class=\"elementor-element elementor-element-03ddcc6 elementor-hidden-mobile elementor-widget elementor-widget-image\" data-id=\"03ddcc6\" data-element_type=\"widget\" data-e-type=\"widget\" data-widget_type=\"image.default\">\n\t\t\t\t<div class=\"elementor-widget-container\">\n\t\t\t\t\t\t\t\t\t\t\t\t\t\t\t<img fetchpriority=\"high\" decoding=\"async\" width=\"850\" height=\"401\" src=\"https:\/\/www.celebrate.de\/wp-content\/uploads\/2023\/05\/pressung.png\" class=\"attachment-large size-large wp-image-6421\" alt=\"\" srcset=\"https:\/\/www.celebrate.de\/wp-content\/uploads\/2023\/05\/pressung.png 850w, https:\/\/www.celebrate.de\/wp-content\/uploads\/2023\/05\/pressung-300x142.png 300w, https:\/\/www.celebrate.de\/wp-content\/uploads\/2023\/05\/pressung-768x362.png 768w\" sizes=\"(max-width: 850px) 100vw, 850px\" \/>\t\t\t\t\t\t\t\t\t\t\t\t\t\t\t<\/div>\n\t\t\t\t<\/div>\n\t\t\t\t<\/div>\n\t\t\t\t\t<\/div>\n\t\t\t\t<\/div>\n\t\t<div class=\"elementor-element elementor-element-6684099 e-con-full elementor-hidden-mobile e-flex e-con e-parent\" data-id=\"6684099\" data-element_type=\"container\" data-e-type=\"container\" data-settings=\"{&quot;background_background&quot;:&quot;classic&quot;,&quot;position&quot;:&quot;fixed&quot;}\">\n\t\t\t\t<div class=\"elementor-element elementor-element-57e22ee elementor-widget elementor-widget-button\" data-id=\"57e22ee\" data-element_type=\"widget\" data-e-type=\"widget\" data-widget_type=\"button.default\">\n\t\t\t\t<div class=\"elementor-widget-container\">\n\t\t\t\t\t\t\t\t\t<div class=\"elementor-button-wrapper\">\n\t\t\t\t\t<a class=\"elementor-button elementor-button-link elementor-size-sm\" href=\"https:\/\/www.celebrate.de\/en\/artwork\/\">\n\t\t\t\t\t\t<span class=\"elementor-button-content-wrapper\">\n\t\t\t\t\t\t<span class=\"elementor-button-icon\">\n\t\t\t\t<svg aria-hidden=\"true\" class=\"e-font-icon-svg e-fas-arrow-alt-circle-left\" viewbox=\"0 0 512 512\" xmlns=\"http:\/\/www.w3.org\/2000\/svg\"><path d=\"M256 504C119 504 8 393 8 256S119 8 256 8s248 111 248 248-111 248-248 248zm116-292H256v-70.9c0-10.7-13-16.1-20.5-8.5L121.2 247.5c-4.7 4.7-4.7 12.2 0 16.9l114.3 114.9c7.6 7.6 20.5 2.2 20.5-8.5V300h116c6.6 0 12-5.4 12-12v-64c0-6.6-5.4-12-12-12z\"><\/path><\/svg>\t\t\t<\/span>\n\t\t\t\t\t\t\t\t\t<span class=\"elementor-button-text\">Step 6\/10<\/span>\n\t\t\t\t\t<\/span>\n\t\t\t\t\t<\/a>\n\t\t\t\t<\/div>\n\t\t\t\t\t\t\t\t<\/div>\n\t\t\t\t<\/div>\n\t\t\t\t<div class=\"elementor-element elementor-element-1365cb3 elementor-widget__width-initial elementor-widget elementor-widget-progress\" data-id=\"1365cb3\" data-element_type=\"widget\" data-e-type=\"widget\" data-widget_type=\"progress.default\">\n\t\t\t\t<div class=\"elementor-widget-container\">\n\t\t\t\t\t\n\t\t<div class=\"elementor-progress-wrapper\" role=\"progressbar\" aria-valuemin=\"0\" aria-valuemax=\"100\" aria-valuenow=\"70\" aria-valuetext=\"70% (7 \/ 10)\">\n\t\t\t<div class=\"elementor-progress-bar\" data-max=\"70\">\n\t\t\t\t<span class=\"elementor-progress-text\">7 \/ 10<\/span>\n\t\t\t\t\t\t\t\t\t<span class=\"elementor-progress-percentage\">70%<\/span>\n\t\t\t\t\t\t\t<\/div>\n\t\t<\/div>\n\t\t\t\t\t\t<\/div>\n\t\t\t\t<\/div>\n\t\t\t\t<div class=\"elementor-element elementor-element-59a8723 elementor-widget elementor-widget-button\" data-id=\"59a8723\" data-element_type=\"widget\" data-e-type=\"widget\" data-widget_type=\"button.default\">\n\t\t\t\t<div class=\"elementor-widget-container\">\n\t\t\t\t\t\t\t\t\t<div class=\"elementor-button-wrapper\">\n\t\t\t\t\t<a class=\"elementor-button elementor-button-link elementor-size-sm\" href=\"https:\/\/www.celebrate.de\/en\/verpacken\/\">\n\t\t\t\t\t\t<span class=\"elementor-button-content-wrapper\">\n\t\t\t\t\t\t<span class=\"elementor-button-icon\">\n\t\t\t\t<svg aria-hidden=\"true\" class=\"e-font-icon-svg e-fas-arrow-alt-circle-right\" viewbox=\"0 0 512 512\" xmlns=\"http:\/\/www.w3.org\/2000\/svg\"><path d=\"M256 8c137 0 248 111 248 248S393 504 256 504 8 393 8 256 119 8 256 8zM140 300h116v70.9c0 10.7 13 16.1 20.5 8.5l114.3-114.9c4.7-4.7 4.7-12.2 0-16.9l-114.3-115c-7.6-7.6-20.5-2.2-20.5 8.5V212H140c-6.6 0-12 5.4-12 12v64c0 6.6 5.4 12 12 12z\"><\/path><\/svg>\t\t\t<\/span>\n\t\t\t\t\t\t\t\t\t<span class=\"elementor-button-text\">Step 8\/10<\/span>\n\t\t\t\t\t<\/span>\n\t\t\t\t\t<\/a>\n\t\t\t\t<\/div>\n\t\t\t\t\t\t\t\t<\/div>\n\t\t\t\t<\/div>\n\t\t\t\t<\/div>\n\t\t<div class=\"elementor-element elementor-element-9722a03 e-con-full elementor-hidden-desktop elementor-hidden-tablet e-flex e-con e-parent\" data-id=\"9722a03\" data-element_type=\"container\" data-e-type=\"container\" data-settings=\"{&quot;background_background&quot;:&quot;classic&quot;,&quot;position&quot;:&quot;fixed&quot;}\">\n\t\t<div class=\"elementor-element elementor-element-7ddb100 e-con-full e-flex e-con e-child\" data-id=\"7ddb100\" data-element_type=\"container\" data-e-type=\"container\" data-settings=\"{&quot;background_background&quot;:&quot;classic&quot;}\">\n\t\t\t\t<div class=\"elementor-element elementor-element-c8cdbcd elementor-mobile-align-center elementor-widget elementor-widget-button\" data-id=\"c8cdbcd\" data-element_type=\"widget\" data-e-type=\"widget\" data-widget_type=\"button.default\">\n\t\t\t\t<div class=\"elementor-widget-container\">\n\t\t\t\t\t\t\t\t\t<div class=\"elementor-button-wrapper\">\n\t\t\t\t\t<a class=\"elementor-button elementor-button-link elementor-size-sm\" href=\"https:\/\/www.celebrate.de\/en\/artwork\/\">\n\t\t\t\t\t\t<span class=\"elementor-button-content-wrapper\">\n\t\t\t\t\t\t<span class=\"elementor-button-icon\">\n\t\t\t\t<svg aria-hidden=\"true\" class=\"e-font-icon-svg e-fas-arrow-alt-circle-left\" viewbox=\"0 0 512 512\" xmlns=\"http:\/\/www.w3.org\/2000\/svg\"><path d=\"M256 504C119 504 8 393 8 256S119 8 256 8s248 111 248 248-111 248-248 248zm116-292H256v-70.9c0-10.7-13-16.1-20.5-8.5L121.2 247.5c-4.7 4.7-4.7 12.2 0 16.9l114.3 114.9c7.6 7.6 20.5 2.2 20.5-8.5V300h116c6.6 0 12-5.4 12-12v-64c0-6.6-5.4-12-12-12z\"><\/path><\/svg>\t\t\t<\/span>\n\t\t\t\t\t\t\t\t\t<span class=\"elementor-button-text\">Step 6\/10<\/span>\n\t\t\t\t\t<\/span>\n\t\t\t\t\t<\/a>\n\t\t\t\t<\/div>\n\t\t\t\t\t\t\t\t<\/div>\n\t\t\t\t<\/div>\n\t\t\t\t<div class=\"elementor-element elementor-element-4f76aed elementor-mobile-align-center elementor-widget elementor-widget-button\" data-id=\"4f76aed\" data-element_type=\"widget\" data-e-type=\"widget\" data-widget_type=\"button.default\">\n\t\t\t\t<div class=\"elementor-widget-container\">\n\t\t\t\t\t\t\t\t\t<div class=\"elementor-button-wrapper\">\n\t\t\t\t\t<a class=\"elementor-button elementor-button-link elementor-size-sm\" href=\"https:\/\/www.celebrate.de\/en\/verpacken\/\">\n\t\t\t\t\t\t<span class=\"elementor-button-content-wrapper\">\n\t\t\t\t\t\t<span class=\"elementor-button-icon\">\n\t\t\t\t<svg aria-hidden=\"true\" class=\"e-font-icon-svg e-fas-arrow-alt-circle-right\" viewbox=\"0 0 512 512\" xmlns=\"http:\/\/www.w3.org\/2000\/svg\"><path d=\"M256 8c137 0 248 111 248 248S393 504 256 504 8 393 8 256 119 8 256 8zM140 300h116v70.9c0 10.7 13 16.1 20.5 8.5l114.3-114.9c4.7-4.7 4.7-12.2 0-16.9l-114.3-115c-7.6-7.6-20.5-2.2-20.5 8.5V212H140c-6.6 0-12 5.4-12 12v64c0 6.6 5.4 12 12 12z\"><\/path><\/svg>\t\t\t<\/span>\n\t\t\t\t\t\t\t\t\t<span class=\"elementor-button-text\">Step 8\/10<\/span>\n\t\t\t\t\t<\/span>\n\t\t\t\t\t<\/a>\n\t\t\t\t<\/div>\n\t\t\t\t\t\t\t\t<\/div>\n\t\t\t\t<\/div>\n\t\t\t\t<\/div>\n\t\t\t\t<\/div>\n\t\t\t\t<\/div>","protected":false},"excerpt":{"rendered":"<p>Finish-Pressung Deine Vinyl geht in Produktion. Wir machen nochmal einen Qualit\u00e4tscheck und legen los. Hier findest du unsere aktuell verf\u00fcgbaren Vinylfarben. Hilfe ben\u00f6tigt? Step 6\/10 7 \/ 10 70% Step 8\/10 Step 6\/10 Step 8\/10<\/p>","protected":false},"author":2,"featured_media":0,"parent":0,"menu_order":0,"comment_status":"closed","ping_status":"closed","template":"","meta":{"inline_featured_image":false,"_monsterinsights_skip_tracking":false,"_monsterinsights_sitenote_active":false,"_monsterinsights_sitenote_note":"","_monsterinsights_sitenote_category":0,"_uf_show_specific_survey":0,"_uf_disable_surveys":false,"site-sidebar-layout":"no-sidebar","site-content-layout":"page-builder","ast-site-content-layout":"default","site-content-style":"default","site-sidebar-style":"default","ast-global-header-display":"","ast-banner-title-visibility":"","ast-main-header-display":"","ast-hfb-above-header-display":"","ast-hfb-below-header-display":"","ast-hfb-mobile-header-display":"","site-post-title":"disabled","ast-breadcrumbs-content":"","ast-featured-img":"disabled","footer-sml-layout":"","ast-disable-related-posts":"","theme-transparent-header-meta":"","adv-header-id-meta":"","stick-header-meta":"","header-above-stick-meta":"","header-main-stick-meta":"","header-below-stick-meta":"","astra-migrate-meta-layouts":"default","ast-page-background-enabled":"default","ast-page-background-meta":{"desktop":{"background-color":"var(--ast-global-color-4)","background-image":"","background-repeat":"repeat","background-position":"center center","background-size":"auto","background-attachment":"scroll","background-type":"","background-media":"","overlay-type":"","overlay-color":"","overlay-opacity":"","overlay-gradient":""},"tablet":{"background-color":"","background-image":"","background-repeat":"repeat","background-position":"center center","background-size":"auto","background-attachment":"scroll","background-type":"","background-media":"","overlay-type":"","overlay-color":"","overlay-opacity":"","overlay-gradient":""},"mobile":{"background-color":"","background-image":"","background-repeat":"repeat","background-position":"center center","background-size":"auto","background-attachment":"scroll","background-type":"","background-media":"","overlay-type":"","overlay-color":"","overlay-opacity":"","overlay-gradient":""}},"ast-content-background-meta":{"desktop":{"background-color":"var(--ast-global-color-5)","background-image":"","background-repeat":"repeat","background-position":"center center","background-size":"auto","background-attachment":"scroll","background-type":"","background-media":"","overlay-type":"","overlay-color":"","overlay-opacity":"","overlay-gradient":""},"tablet":{"background-color":"var(--ast-global-color-5)","background-image":"","background-repeat":"repeat","background-position":"center center","background-size":"auto","background-attachment":"scroll","background-type":"","background-media":"","overlay-type":"","overlay-color":"","overlay-opacity":"","overlay-gradient":""},"mobile":{"background-color":"var(--ast-global-color-5)","background-image":"","background-repeat":"repeat","background-position":"center center","background-size":"auto","background-attachment":"scroll","background-type":"","background-media":"","overlay-type":"","overlay-color":"","overlay-opacity":"","overlay-gradient":""}},"footnotes":""},"class_list":["post-5904","page","type-page","status-publish","hentry"],"yoast_head":"<!-- This site is optimized with the Yoast SEO plugin v27.5 - https:\/\/yoast.com\/product\/yoast-seo-wordpress\/ -->\n<title>Produktionsschritt Finish-Pressung - celebrate records<\/title>\n<meta name=\"description\" content=\"\u00dcbersicht zum Produktionsschritt &quot;Finish-Pressung&quot; bei einer Schallplattenpressung im Vinylpresswerk celebrate records.\" \/>\n<meta name=\"robots\" content=\"index, follow, max-snippet:-1, max-image-preview:large, max-video-preview:-1\" \/>\n<link rel=\"canonical\" href=\"https:\/\/www.celebrate.de\/en\/produktionsschritt-finish-pressung-celebrate-records\/\" \/>\n<meta property=\"og:locale\" content=\"en_US\" \/>\n<meta property=\"og:type\" content=\"article\" \/>\n<meta property=\"og:title\" content=\"Produktionsschritt Finish-Pressung - celebrate records\" \/>\n<meta property=\"og:description\" content=\"\u00dcbersicht zum Produktionsschritt &quot;Finish-Pressung&quot; bei einer Schallplattenpressung im Vinylpresswerk celebrate records.\" \/>\n<meta property=\"og:url\" content=\"https:\/\/www.celebrate.de\/en\/produktionsschritt-finish-pressung-celebrate-records\/\" \/>\n<meta property=\"og:site_name\" content=\"celebrate records\" \/>\n<meta property=\"article:publisher\" content=\"https:\/\/www.facebook.com\/VinylRecordPressingCelebrate\" \/>\n<meta property=\"article:modified_time\" content=\"2025-10-02T07:12:38+00:00\" \/>\n<meta property=\"og:image\" content=\"https:\/\/www.celebrate.de\/wp-content\/uploads\/2023\/05\/pressung.png\" \/>\n\t<meta property=\"og:image:width\" content=\"850\" \/>\n\t<meta property=\"og:image:height\" content=\"401\" \/>\n\t<meta property=\"og:image:type\" content=\"image\/png\" \/>\n<meta name=\"twitter:card\" content=\"summary_large_image\" \/>\n<meta name=\"twitter:label1\" content=\"Est. reading time\" \/>\n\t<meta name=\"twitter:data1\" content=\"1 minute\" \/>\n<script type=\"application\/ld+json\" class=\"yoast-schema-graph\">{\"@context\":\"https:\\\/\\\/schema.org\",\"@graph\":[{\"@type\":\"WebPage\",\"@id\":\"https:\\\/\\\/www.celebrate.de\\\/produktionsschritt-finish-pressung-celebrate-records\\\/\",\"url\":\"https:\\\/\\\/www.celebrate.de\\\/produktionsschritt-finish-pressung-celebrate-records\\\/\",\"name\":\"Produktionsschritt Finish-Pressung - celebrate records\",\"isPartOf\":{\"@id\":\"https:\\\/\\\/www.celebrate.de\\\/#website\"},\"primaryImageOfPage\":{\"@id\":\"https:\\\/\\\/www.celebrate.de\\\/produktionsschritt-finish-pressung-celebrate-records\\\/#primaryimage\"},\"image\":{\"@id\":\"https:\\\/\\\/www.celebrate.de\\\/produktionsschritt-finish-pressung-celebrate-records\\\/#primaryimage\"},\"thumbnailUrl\":\"https:\\\/\\\/www.celebrate.de\\\/wp-content\\\/uploads\\\/2023\\\/05\\\/pressung.png\",\"datePublished\":\"2023-05-09T12:11:10+00:00\",\"dateModified\":\"2025-10-02T07:12:38+00:00\",\"description\":\"\u00dcbersicht zum Produktionsschritt \\\"Finish-Pressung\\\" bei einer Schallplattenpressung im Vinylpresswerk celebrate records.\",\"breadcrumb\":{\"@id\":\"https:\\\/\\\/www.celebrate.de\\\/produktionsschritt-finish-pressung-celebrate-records\\\/#breadcrumb\"},\"inLanguage\":\"en-US\",\"potentialAction\":[{\"@type\":\"ReadAction\",\"target\":[\"https:\\\/\\\/www.celebrate.de\\\/produktionsschritt-finish-pressung-celebrate-records\\\/\"]}]},{\"@type\":\"ImageObject\",\"inLanguage\":\"en-US\",\"@id\":\"https:\\\/\\\/www.celebrate.de\\\/produktionsschritt-finish-pressung-celebrate-records\\\/#primaryimage\",\"url\":\"https:\\\/\\\/www.celebrate.de\\\/wp-content\\\/uploads\\\/2023\\\/05\\\/pressung.png\",\"contentUrl\":\"https:\\\/\\\/www.celebrate.de\\\/wp-content\\\/uploads\\\/2023\\\/05\\\/pressung.png\"},{\"@type\":\"BreadcrumbList\",\"@id\":\"https:\\\/\\\/www.celebrate.de\\\/produktionsschritt-finish-pressung-celebrate-records\\\/#breadcrumb\",\"itemListElement\":[{\"@type\":\"ListItem\",\"position\":1,\"name\":\"Startseite\",\"item\":\"https:\\\/\\\/www.celebrate.de\\\/\"},{\"@type\":\"ListItem\",\"position\":2,\"name\":\"Finishpressing\"}]},{\"@type\":\"WebSite\",\"@id\":\"https:\\\/\\\/www.celebrate.de\\\/#website\",\"url\":\"https:\\\/\\\/www.celebrate.de\\\/\",\"name\":\"celebrate records vinyl record pressing plant\",\"description\":\"Vinyl record pressing plant, Schallplatten Presswerk, Schallplatten pressen lassen\",\"publisher\":{\"@id\":\"https:\\\/\\\/www.celebrate.de\\\/#organization\"},\"potentialAction\":[{\"@type\":\"SearchAction\",\"target\":{\"@type\":\"EntryPoint\",\"urlTemplate\":\"https:\\\/\\\/www.celebrate.de\\\/?s={search_term_string}\"},\"query-input\":{\"@type\":\"PropertyValueSpecification\",\"valueRequired\":true,\"valueName\":\"search_term_string\"}}],\"inLanguage\":\"en-US\"},{\"@type\":\"Organization\",\"@id\":\"https:\\\/\\\/www.celebrate.de\\\/#organization\",\"name\":\"celebrate records GmbH\",\"url\":\"https:\\\/\\\/www.celebrate.de\\\/\",\"logo\":{\"@type\":\"ImageObject\",\"inLanguage\":\"en-US\",\"@id\":\"https:\\\/\\\/www.celebrate.de\\\/#\\\/schema\\\/logo\\\/image\\\/\",\"url\":\"https:\\\/\\\/www.celebrate.de\\\/wp-content\\\/uploads\\\/2022\\\/10\\\/cropped-Zeichenflaeche-2-8.png\",\"contentUrl\":\"https:\\\/\\\/www.celebrate.de\\\/wp-content\\\/uploads\\\/2022\\\/10\\\/cropped-Zeichenflaeche-2-8.png\",\"width\":714,\"height\":421,\"caption\":\"celebrate records GmbH\"},\"image\":{\"@id\":\"https:\\\/\\\/www.celebrate.de\\\/#\\\/schema\\\/logo\\\/image\\\/\"},\"sameAs\":[\"https:\\\/\\\/www.facebook.com\\\/VinylRecordPressingCelebrate\"]}]}<\/script>\n<!-- \/ Yoast SEO plugin. -->","yoast_head_json":{"title":"Produktionsschritt Finish-Pressung - celebrate records","description":"\u00dcbersicht zum Produktionsschritt \"Finish-Pressung\" bei einer Schallplattenpressung im Vinylpresswerk celebrate records.","robots":{"index":"index","follow":"follow","max-snippet":"max-snippet:-1","max-image-preview":"max-image-preview:large","max-video-preview":"max-video-preview:-1"},"canonical":"https:\/\/www.celebrate.de\/en\/produktionsschritt-finish-pressung-celebrate-records\/","og_locale":"en_US","og_type":"article","og_title":"Produktionsschritt Finish-Pressung - celebrate records","og_description":"\u00dcbersicht zum Produktionsschritt \"Finish-Pressung\" bei einer Schallplattenpressung im Vinylpresswerk celebrate records.","og_url":"https:\/\/www.celebrate.de\/en\/produktionsschritt-finish-pressung-celebrate-records\/","og_site_name":"celebrate records","article_publisher":"https:\/\/www.facebook.com\/VinylRecordPressingCelebrate","article_modified_time":"2025-10-02T07:12:38+00:00","og_image":[{"width":850,"height":401,"url":"https:\/\/www.celebrate.de\/wp-content\/uploads\/2023\/05\/pressung.png","type":"image\/png"}],"twitter_card":"summary_large_image","twitter_misc":{"Est. reading time":"1 minute"},"schema":{"@context":"https:\/\/schema.org","@graph":[{"@type":"WebPage","@id":"https:\/\/www.celebrate.de\/produktionsschritt-finish-pressung-celebrate-records\/","url":"https:\/\/www.celebrate.de\/produktionsschritt-finish-pressung-celebrate-records\/","name":"Produktionsschritt Finish-Pressung - celebrate records","isPartOf":{"@id":"https:\/\/www.celebrate.de\/#website"},"primaryImageOfPage":{"@id":"https:\/\/www.celebrate.de\/produktionsschritt-finish-pressung-celebrate-records\/#primaryimage"},"image":{"@id":"https:\/\/www.celebrate.de\/produktionsschritt-finish-pressung-celebrate-records\/#primaryimage"},"thumbnailUrl":"https:\/\/www.celebrate.de\/wp-content\/uploads\/2023\/05\/pressung.png","datePublished":"2023-05-09T12:11:10+00:00","dateModified":"2025-10-02T07:12:38+00:00","description":"\u00dcbersicht zum Produktionsschritt \"Finish-Pressung\" bei einer Schallplattenpressung im Vinylpresswerk celebrate records.","breadcrumb":{"@id":"https:\/\/www.celebrate.de\/produktionsschritt-finish-pressung-celebrate-records\/#breadcrumb"},"inLanguage":"en-US","potentialAction":[{"@type":"ReadAction","target":["https:\/\/www.celebrate.de\/produktionsschritt-finish-pressung-celebrate-records\/"]}]},{"@type":"ImageObject","inLanguage":"en-US","@id":"https:\/\/www.celebrate.de\/produktionsschritt-finish-pressung-celebrate-records\/#primaryimage","url":"https:\/\/www.celebrate.de\/wp-content\/uploads\/2023\/05\/pressung.png","contentUrl":"https:\/\/www.celebrate.de\/wp-content\/uploads\/2023\/05\/pressung.png"},{"@type":"BreadcrumbList","@id":"https:\/\/www.celebrate.de\/produktionsschritt-finish-pressung-celebrate-records\/#breadcrumb","itemListElement":[{"@type":"ListItem","position":1,"name":"Startseite","item":"https:\/\/www.celebrate.de\/"},{"@type":"ListItem","position":2,"name":"Finishpressing"}]},{"@type":"WebSite","@id":"https:\/\/www.celebrate.de\/#website","url":"https:\/\/www.celebrate.de\/","name":"celebrate records vinyl record pressing plant","description":"Vinyl record pressing plant, Schallplatten Presswerk, Schallplatten pressen lassen","publisher":{"@id":"https:\/\/www.celebrate.de\/#organization"},"potentialAction":[{"@type":"SearchAction","target":{"@type":"EntryPoint","urlTemplate":"https:\/\/www.celebrate.de\/?s={search_term_string}"},"query-input":{"@type":"PropertyValueSpecification","valueRequired":true,"valueName":"search_term_string"}}],"inLanguage":"en-US"},{"@type":"Organization","@id":"https:\/\/www.celebrate.de\/#organization","name":"celebrate records GmbH","url":"https:\/\/www.celebrate.de\/","logo":{"@type":"ImageObject","inLanguage":"en-US","@id":"https:\/\/www.celebrate.de\/#\/schema\/logo\/image\/","url":"https:\/\/www.celebrate.de\/wp-content\/uploads\/2022\/10\/cropped-Zeichenflaeche-2-8.png","contentUrl":"https:\/\/www.celebrate.de\/wp-content\/uploads\/2022\/10\/cropped-Zeichenflaeche-2-8.png","width":714,"height":421,"caption":"celebrate records GmbH"},"image":{"@id":"https:\/\/www.celebrate.de\/#\/schema\/logo\/image\/"},"sameAs":["https:\/\/www.facebook.com\/VinylRecordPressingCelebrate"]}]}},"_links":{"self":[{"href":"https:\/\/www.celebrate.de\/en\/wp-json\/wp\/v2\/pages\/5904","targetHints":{"allow":["GET"]}}],"collection":[{"href":"https:\/\/www.celebrate.de\/en\/wp-json\/wp\/v2\/pages"}],"about":[{"href":"https:\/\/www.celebrate.de\/en\/wp-json\/wp\/v2\/types\/page"}],"author":[{"embeddable":true,"href":"https:\/\/www.celebrate.de\/en\/wp-json\/wp\/v2\/users\/2"}],"replies":[{"embeddable":true,"href":"https:\/\/www.celebrate.de\/en\/wp-json\/wp\/v2\/comments?post=5904"}],"version-history":[{"count":10,"href":"https:\/\/www.celebrate.de\/en\/wp-json\/wp\/v2\/pages\/5904\/revisions"}],"predecessor-version":[{"id":15936,"href":"https:\/\/www.celebrate.de\/en\/wp-json\/wp\/v2\/pages\/5904\/revisions\/15936"}],"wp:attachment":[{"href":"https:\/\/www.celebrate.de\/en\/wp-json\/wp\/v2\/media?parent=5904"}],"curies":[{"name":"wp","href":"https:\/\/api.w.org\/{rel}","templated":true}]}}