{"id":5919,"date":"2023-05-09T14:12:50","date_gmt":"2023-05-09T12:12:50","guid":{"rendered":"https:\/\/www.celebrate.de\/?page_id=5919"},"modified":"2025-10-02T09:25:04","modified_gmt":"2025-10-02T07:25:04","slug":"kunde-gluecklich","status":"publish","type":"page","link":"https:\/\/www.celebrate.de\/en\/kunde-gluecklich\/","title":{"rendered":"customer happy"},"content":{"rendered":"<div data-elementor-type=\"wp-page\" data-elementor-id=\"5919\" class=\"elementor elementor-5919\" data-elementor-post-type=\"page\">\n\t\t\t\t<div class=\"elementor-element elementor-element-3f277ed e-flex e-con-boxed e-con e-parent\" data-id=\"3f277ed\" data-element_type=\"container\" data-e-type=\"container\" data-settings=\"{&quot;background_background&quot;:&quot;classic&quot;}\">\n\t\t\t\t\t<div class=\"e-con-inner\">\n\t\t<div class=\"elementor-element elementor-element-ab03053 e-con-full e-flex e-con e-child\" data-id=\"ab03053\" data-element_type=\"container\" data-e-type=\"container\">\n\t\t\t\t<div class=\"elementor-element elementor-element-186c771 elementor-widget elementor-widget-heading\" data-id=\"186c771\" data-element_type=\"widget\" data-e-type=\"widget\" data-widget_type=\"heading.default\">\n\t\t\t\t<div class=\"elementor-widget-container\">\n\t\t\t\t\t<h2 class=\"elementor-heading-title elementor-size-default\">customer happy<\/h2>\t\t\t\t<\/div>\n\t\t\t\t<\/div>\n\t\t\t\t<div class=\"elementor-element elementor-element-bf3d868 elementor-hidden-desktop elementor-widget elementor-widget-image\" data-id=\"bf3d868\" data-element_type=\"widget\" data-e-type=\"widget\" data-widget_type=\"image.default\">\n\t\t\t\t<div class=\"elementor-widget-container\">\n\t\t\t\t\t\t\t\t\t\t\t\t\t\t\t<img fetchpriority=\"high\" decoding=\"async\" width=\"1024\" height=\"683\" src=\"https:\/\/www.celebrate.de\/wp-content\/uploads\/2023\/05\/kundegluecklich2-1024x683.png\" class=\"attachment-large size-large wp-image-6668\" alt=\"\" srcset=\"https:\/\/www.celebrate.de\/wp-content\/uploads\/2023\/05\/kundegluecklich2-1024x683.png 1024w, https:\/\/www.celebrate.de\/wp-content\/uploads\/2023\/05\/kundegluecklich2-300x200.png 300w, https:\/\/www.celebrate.de\/wp-content\/uploads\/2023\/05\/kundegluecklich2-768x512.png 768w, https:\/\/www.celebrate.de\/wp-content\/uploads\/2023\/05\/kundegluecklich2-1536x1024.png 1536w, https:\/\/www.celebrate.de\/wp-content\/uploads\/2023\/05\/kundegluecklich2.png 1900w\" sizes=\"(max-width: 1024px) 100vw, 1024px\" \/>\t\t\t\t\t\t\t\t\t\t\t\t\t\t\t<\/div>\n\t\t\t\t<\/div>\n\t\t\t\t<div class=\"elementor-element elementor-element-8c4d421 elementor-widget elementor-widget-text-editor\" data-id=\"8c4d421\" data-element_type=\"widget\" data-e-type=\"widget\" data-widget_type=\"text-editor.default\">\n\t\t\t\t<div class=\"elementor-widget-container\">\n\t\t\t\t\t\t\t\t\t<p>Enjoy your new vinyl sound! <\/p>\n<p>Celebrate wishes you every success!<\/p>\t\t\t\t\t\t\t\t<\/div>\n\t\t\t\t<\/div>\n\t\t\t\t<\/div>\n\t\t<div class=\"elementor-element elementor-element-f11a701 e-con-full elementor-hidden-mobile e-flex e-con e-child\" data-id=\"f11a701\" data-element_type=\"container\" data-e-type=\"container\">\n\t\t\t\t<div class=\"elementor-element elementor-element-2575185 elementor-widget elementor-widget-image\" data-id=\"2575185\" data-element_type=\"widget\" data-e-type=\"widget\" data-widget_type=\"image.default\">\n\t\t\t\t<div class=\"elementor-widget-container\">\n\t\t\t\t\t\t\t\t\t\t\t\t\t\t\t<img fetchpriority=\"high\" decoding=\"async\" width=\"1024\" height=\"683\" src=\"https:\/\/www.celebrate.de\/wp-content\/uploads\/2023\/05\/kundegluecklich2-1024x683.png\" class=\"attachment-large size-large wp-image-6668\" alt=\"\" srcset=\"https:\/\/www.celebrate.de\/wp-content\/uploads\/2023\/05\/kundegluecklich2-1024x683.png 1024w, https:\/\/www.celebrate.de\/wp-content\/uploads\/2023\/05\/kundegluecklich2-300x200.png 300w, https:\/\/www.celebrate.de\/wp-content\/uploads\/2023\/05\/kundegluecklich2-768x512.png 768w, https:\/\/www.celebrate.de\/wp-content\/uploads\/2023\/05\/kundegluecklich2-1536x1024.png 1536w, https:\/\/www.celebrate.de\/wp-content\/uploads\/2023\/05\/kundegluecklich2.png 1900w\" sizes=\"(max-width: 1024px) 100vw, 1024px\" \/>\t\t\t\t\t\t\t\t\t\t\t\t\t\t\t<\/div>\n\t\t\t\t<\/div>\n\t\t\t\t<\/div>\n\t\t\t\t\t<\/div>\n\t\t\t\t<\/div>\n\t\t<div class=\"elementor-element elementor-element-f5f18e2 e-con-full elementor-hidden-mobile e-flex e-con e-parent\" data-id=\"f5f18e2\" data-element_type=\"container\" data-e-type=\"container\" data-settings=\"{&quot;background_background&quot;:&quot;classic&quot;,&quot;position&quot;:&quot;fixed&quot;}\">\n\t\t<div class=\"elementor-element elementor-element-cb2fdfc e-con-full e-flex e-con e-child\" data-id=\"cb2fdfc\" data-element_type=\"container\" data-e-type=\"container\" data-settings=\"{&quot;background_background&quot;:&quot;classic&quot;,&quot;position&quot;:&quot;fixed&quot;}\">\n\t\t\t\t<div class=\"elementor-element elementor-element-d61d05a elementor-widget elementor-widget-button\" data-id=\"d61d05a\" data-element_type=\"widget\" data-e-type=\"widget\" data-widget_type=\"button.default\">\n\t\t\t\t<div class=\"elementor-widget-container\">\n\t\t\t\t\t\t\t\t\t<div class=\"elementor-button-wrapper\">\n\t\t\t\t\t<a class=\"elementor-button elementor-button-link elementor-size-sm\" href=\"https:\/\/www.celebrate.de\/en\/versand\/\">\n\t\t\t\t\t\t<span class=\"elementor-button-content-wrapper\">\n\t\t\t\t\t\t<span class=\"elementor-button-icon\">\n\t\t\t\t<svg aria-hidden=\"true\" class=\"e-font-icon-svg e-fas-arrow-alt-circle-left\" viewbox=\"0 0 512 512\" xmlns=\"http:\/\/www.w3.org\/2000\/svg\"><path d=\"M256 504C119 504 8 393 8 256S119 8 256 8s248 111 248 248-111 248-248 248zm116-292H256v-70.9c0-10.7-13-16.1-20.5-8.5L121.2 247.5c-4.7 4.7-4.7 12.2 0 16.9l114.3 114.9c7.6 7.6 20.5 2.2 20.5-8.5V300h116c6.6 0 12-5.4 12-12v-64c0-6.6-5.4-12-12-12z\"><\/path><\/svg>\t\t\t<\/span>\n\t\t\t\t\t\t\t\t\t<span class=\"elementor-button-text\">Step 9\/10<\/span>\n\t\t\t\t\t<\/span>\n\t\t\t\t\t<\/a>\n\t\t\t\t<\/div>\n\t\t\t\t\t\t\t\t<\/div>\n\t\t\t\t<\/div>\n\t\t\t\t<div class=\"elementor-element elementor-element-ac39853 elementor-widget__width-initial elementor-widget elementor-widget-progress\" data-id=\"ac39853\" data-element_type=\"widget\" data-e-type=\"widget\" data-widget_type=\"progress.default\">\n\t\t\t\t<div class=\"elementor-widget-container\">\n\t\t\t\t\t\n\t\t<div class=\"elementor-progress-wrapper\" role=\"progressbar\" aria-valuemin=\"0\" aria-valuemax=\"100\" aria-valuenow=\"100\" aria-valuetext=\"100% (10 \/ 10)\">\n\t\t\t<div class=\"elementor-progress-bar\" data-max=\"100\">\n\t\t\t\t<span class=\"elementor-progress-text\">10 \/ 10<\/span>\n\t\t\t\t\t\t\t\t\t<span class=\"elementor-progress-percentage\">100%<\/span>\n\t\t\t\t\t\t\t<\/div>\n\t\t<\/div>\n\t\t\t\t\t\t<\/div>\n\t\t\t\t<\/div>\n\t\t\t\t<\/div>\n\t\t\t\t<\/div>\n\t\t<div class=\"elementor-element elementor-element-c3bf8f8 e-con-full elementor-hidden-desktop elementor-hidden-tablet e-flex e-con e-parent\" data-id=\"c3bf8f8\" data-element_type=\"container\" data-e-type=\"container\" data-settings=\"{&quot;background_background&quot;:&quot;classic&quot;,&quot;position&quot;:&quot;fixed&quot;}\">\n\t\t<div class=\"elementor-element elementor-element-5d4b92f e-con-full e-flex e-con e-child\" data-id=\"5d4b92f\" data-element_type=\"container\" data-e-type=\"container\" data-settings=\"{&quot;background_background&quot;:&quot;classic&quot;}\">\n\t\t\t\t<div class=\"elementor-element elementor-element-d85cd9d elementor-mobile-align-center elementor-widget elementor-widget-button\" data-id=\"d85cd9d\" data-element_type=\"widget\" data-e-type=\"widget\" data-widget_type=\"button.default\">\n\t\t\t\t<div class=\"elementor-widget-container\">\n\t\t\t\t\t\t\t\t\t<div class=\"elementor-button-wrapper\">\n\t\t\t\t\t<a class=\"elementor-button elementor-button-link elementor-size-sm\" href=\"https:\/\/www.celebrate.de\/en\/versand\/\">\n\t\t\t\t\t\t<span class=\"elementor-button-content-wrapper\">\n\t\t\t\t\t\t<span class=\"elementor-button-icon\">\n\t\t\t\t<svg aria-hidden=\"true\" class=\"e-font-icon-svg e-fas-arrow-alt-circle-left\" viewbox=\"0 0 512 512\" xmlns=\"http:\/\/www.w3.org\/2000\/svg\"><path d=\"M256 504C119 504 8 393 8 256S119 8 256 8s248 111 248 248-111 248-248 248zm116-292H256v-70.9c0-10.7-13-16.1-20.5-8.5L121.2 247.5c-4.7 4.7-4.7 12.2 0 16.9l114.3 114.9c7.6 7.6 20.5 2.2 20.5-8.5V300h116c6.6 0 12-5.4 12-12v-64c0-6.6-5.4-12-12-12z\"><\/path><\/svg>\t\t\t<\/span>\n\t\t\t\t\t\t\t\t\t<span class=\"elementor-button-text\">Step 09\/10<\/span>\n\t\t\t\t\t<\/span>\n\t\t\t\t\t<\/a>\n\t\t\t\t<\/div>\n\t\t\t\t\t\t\t\t<\/div>\n\t\t\t\t<\/div>\n\t\t\t\t<\/div>\n\t\t\t\t<\/div>\n\t\t\t\t<\/div>","protected":false},"excerpt":{"rendered":"<p>Kunde gl\u00fccklich Genie\u00dfe Deinen neuen Vinylsound! Celebrate w\u00fcnscht viel Erfolg! Step 9\/10 10 \/ 10 100% Step 09\/10<\/p>","protected":false},"author":2,"featured_media":0,"parent":0,"menu_order":0,"comment_status":"closed","ping_status":"closed","template":"","meta":{"inline_featured_image":false,"_monsterinsights_skip_tracking":false,"_monsterinsights_sitenote_active":false,"_monsterinsights_sitenote_note":"","_monsterinsights_sitenote_category":0,"_uf_show_specific_survey":0,"_uf_disable_surveys":false,"site-sidebar-layout":"no-sidebar","site-content-layout":"page-builder","ast-site-content-layout":"full-width-container","site-content-style":"unboxed","site-sidebar-style":"unboxed","ast-global-header-display":"","ast-banner-title-visibility":"","ast-main-header-display":"","ast-hfb-above-header-display":"","ast-hfb-below-header-display":"","ast-hfb-mobile-header-display":"","site-post-title":"disabled","ast-breadcrumbs-content":"","ast-featured-img":"disabled","footer-sml-layout":"","ast-disable-related-posts":"","theme-transparent-header-meta":"","adv-header-id-meta":"","stick-header-meta":"","header-above-stick-meta":"","header-main-stick-meta":"","header-below-stick-meta":"","astra-migrate-meta-layouts":"set","ast-page-background-enabled":"default","ast-page-background-meta":{"desktop":{"background-color":"var(--ast-global-color-4)","background-image":"","background-repeat":"repeat","background-position":"center center","background-size":"auto","background-attachment":"scroll","background-type":"","background-media":"","overlay-type":"","overlay-color":"","overlay-opacity":"","overlay-gradient":""},"tablet":{"background-color":"","background-image":"","background-repeat":"repeat","background-position":"center center","background-size":"auto","background-attachment":"scroll","background-type":"","background-media":"","overlay-type":"","overlay-color":"","overlay-opacity":"","overlay-gradient":""},"mobile":{"background-color":"","background-image":"","background-repeat":"repeat","background-position":"center center","background-size":"auto","background-attachment":"scroll","background-type":"","background-media":"","overlay-type":"","overlay-color":"","overlay-opacity":"","overlay-gradient":""}},"ast-content-background-meta":{"desktop":{"background-color":"var(--ast-global-color-5)","background-image":"","background-repeat":"repeat","background-position":"center center","background-size":"auto","background-attachment":"scroll","background-type":"","background-media":"","overlay-type":"","overlay-color":"","overlay-opacity":"","overlay-gradient":""},"tablet":{"background-color":"var(--ast-global-color-5)","background-image":"","background-repeat":"repeat","background-position":"center center","background-size":"auto","background-attachment":"scroll","background-type":"","background-media":"","overlay-type":"","overlay-color":"","overlay-opacity":"","overlay-gradient":""},"mobile":{"background-color":"var(--ast-global-color-5)","background-image":"","background-repeat":"repeat","background-position":"center center","background-size":"auto","background-attachment":"scroll","background-type":"","background-media":"","overlay-type":"","overlay-color":"","overlay-opacity":"","overlay-gradient":""}},"footnotes":""},"class_list":["post-5919","page","type-page","status-publish","hentry"],"yoast_head":"<!-- This site is optimized with the Yoast SEO plugin v27.4 - https:\/\/yoast.com\/product\/yoast-seo-wordpress\/ -->\n<title>Kunde gl\u00fccklich - celebrate records<\/title>\n<meta name=\"description\" content=\"celebrate records gratuliert zur fertig gestellten Vinylpressung und w\u00fcnscht viel Spa\u00df und Erfolg mit der neuen Schallplattenpressung.\" \/>\n<meta name=\"robots\" content=\"index, follow, max-snippet:-1, max-image-preview:large, max-video-preview:-1\" \/>\n<link rel=\"canonical\" href=\"https:\/\/www.celebrate.de\/en\/kunde-gluecklich\/\" \/>\n<meta property=\"og:locale\" content=\"en_US\" \/>\n<meta property=\"og:type\" content=\"article\" \/>\n<meta property=\"og:title\" content=\"Kunde gl\u00fccklich - celebrate records\" \/>\n<meta property=\"og:description\" content=\"celebrate records gratuliert zur fertig gestellten Vinylpressung und w\u00fcnscht viel Spa\u00df und Erfolg mit der neuen Schallplattenpressung.\" \/>\n<meta property=\"og:url\" content=\"https:\/\/www.celebrate.de\/en\/kunde-gluecklich\/\" \/>\n<meta property=\"og:site_name\" content=\"celebrate records\" \/>\n<meta property=\"article:publisher\" content=\"https:\/\/www.facebook.com\/VinylRecordPressingCelebrate\" \/>\n<meta property=\"article:modified_time\" content=\"2025-10-02T07:25:04+00:00\" \/>\n<meta property=\"og:image\" content=\"https:\/\/www.celebrate.de\/wp-content\/uploads\/2023\/05\/kundegluecklich2-1024x683.png\" \/>\n\t<meta property=\"og:image:width\" content=\"1024\" \/>\n\t<meta property=\"og:image:height\" content=\"683\" \/>\n\t<meta property=\"og:image:type\" content=\"image\/png\" \/>\n<meta name=\"twitter:card\" content=\"summary_large_image\" \/>\n<meta name=\"twitter:label1\" content=\"Est. reading time\" \/>\n\t<meta name=\"twitter:data1\" content=\"1 minute\" \/>\n<script type=\"application\/ld+json\" class=\"yoast-schema-graph\">{\"@context\":\"https:\\\/\\\/schema.org\",\"@graph\":[{\"@type\":\"WebPage\",\"@id\":\"https:\\\/\\\/www.celebrate.de\\\/kunde-gluecklich\\\/\",\"url\":\"https:\\\/\\\/www.celebrate.de\\\/kunde-gluecklich\\\/\",\"name\":\"Kunde gl\u00fccklich - celebrate records\",\"isPartOf\":{\"@id\":\"https:\\\/\\\/www.celebrate.de\\\/#website\"},\"primaryImageOfPage\":{\"@id\":\"https:\\\/\\\/www.celebrate.de\\\/kunde-gluecklich\\\/#primaryimage\"},\"image\":{\"@id\":\"https:\\\/\\\/www.celebrate.de\\\/kunde-gluecklich\\\/#primaryimage\"},\"thumbnailUrl\":\"https:\\\/\\\/www.celebrate.de\\\/wp-content\\\/uploads\\\/2023\\\/05\\\/kundegluecklich2-1024x683.png\",\"datePublished\":\"2023-05-09T12:12:50+00:00\",\"dateModified\":\"2025-10-02T07:25:04+00:00\",\"description\":\"celebrate records gratuliert zur fertig gestellten Vinylpressung und w\u00fcnscht viel Spa\u00df und Erfolg mit der neuen Schallplattenpressung.\",\"breadcrumb\":{\"@id\":\"https:\\\/\\\/www.celebrate.de\\\/kunde-gluecklich\\\/#breadcrumb\"},\"inLanguage\":\"en-US\",\"potentialAction\":[{\"@type\":\"ReadAction\",\"target\":[\"https:\\\/\\\/www.celebrate.de\\\/kunde-gluecklich\\\/\"]}]},{\"@type\":\"ImageObject\",\"inLanguage\":\"en-US\",\"@id\":\"https:\\\/\\\/www.celebrate.de\\\/kunde-gluecklich\\\/#primaryimage\",\"url\":\"https:\\\/\\\/www.celebrate.de\\\/wp-content\\\/uploads\\\/2023\\\/05\\\/kundegluecklich2-1024x683.png\",\"contentUrl\":\"https:\\\/\\\/www.celebrate.de\\\/wp-content\\\/uploads\\\/2023\\\/05\\\/kundegluecklich2-1024x683.png\"},{\"@type\":\"BreadcrumbList\",\"@id\":\"https:\\\/\\\/www.celebrate.de\\\/kunde-gluecklich\\\/#breadcrumb\",\"itemListElement\":[{\"@type\":\"ListItem\",\"position\":1,\"name\":\"Startseite\",\"item\":\"https:\\\/\\\/www.celebrate.de\\\/\"},{\"@type\":\"ListItem\",\"position\":2,\"name\":\"Kunde gl\u00fccklich\"}]},{\"@type\":\"WebSite\",\"@id\":\"https:\\\/\\\/www.celebrate.de\\\/#website\",\"url\":\"https:\\\/\\\/www.celebrate.de\\\/\",\"name\":\"celebrate records vinyl record pressing plant\",\"description\":\"Vinyl record pressing plant, Schallplatten Presswerk, Schallplatten pressen lassen\",\"publisher\":{\"@id\":\"https:\\\/\\\/www.celebrate.de\\\/#organization\"},\"potentialAction\":[{\"@type\":\"SearchAction\",\"target\":{\"@type\":\"EntryPoint\",\"urlTemplate\":\"https:\\\/\\\/www.celebrate.de\\\/?s={search_term_string}\"},\"query-input\":{\"@type\":\"PropertyValueSpecification\",\"valueRequired\":true,\"valueName\":\"search_term_string\"}}],\"inLanguage\":\"en-US\"},{\"@type\":\"Organization\",\"@id\":\"https:\\\/\\\/www.celebrate.de\\\/#organization\",\"name\":\"celebrate records GmbH\",\"url\":\"https:\\\/\\\/www.celebrate.de\\\/\",\"logo\":{\"@type\":\"ImageObject\",\"inLanguage\":\"en-US\",\"@id\":\"https:\\\/\\\/www.celebrate.de\\\/#\\\/schema\\\/logo\\\/image\\\/\",\"url\":\"https:\\\/\\\/www.celebrate.de\\\/wp-content\\\/uploads\\\/2022\\\/10\\\/cropped-Zeichenflaeche-2-8.png\",\"contentUrl\":\"https:\\\/\\\/www.celebrate.de\\\/wp-content\\\/uploads\\\/2022\\\/10\\\/cropped-Zeichenflaeche-2-8.png\",\"width\":714,\"height\":421,\"caption\":\"celebrate records GmbH\"},\"image\":{\"@id\":\"https:\\\/\\\/www.celebrate.de\\\/#\\\/schema\\\/logo\\\/image\\\/\"},\"sameAs\":[\"https:\\\/\\\/www.facebook.com\\\/VinylRecordPressingCelebrate\"]}]}<\/script>\n<!-- \/ Yoast SEO plugin. -->","yoast_head_json":{"title":"Kunde gl\u00fccklich - celebrate records","description":"celebrate records gratuliert zur fertig gestellten Vinylpressung und w\u00fcnscht viel Spa\u00df und Erfolg mit der neuen Schallplattenpressung.","robots":{"index":"index","follow":"follow","max-snippet":"max-snippet:-1","max-image-preview":"max-image-preview:large","max-video-preview":"max-video-preview:-1"},"canonical":"https:\/\/www.celebrate.de\/en\/kunde-gluecklich\/","og_locale":"en_US","og_type":"article","og_title":"Kunde gl\u00fccklich - celebrate records","og_description":"celebrate records gratuliert zur fertig gestellten Vinylpressung und w\u00fcnscht viel Spa\u00df und Erfolg mit der neuen Schallplattenpressung.","og_url":"https:\/\/www.celebrate.de\/en\/kunde-gluecklich\/","og_site_name":"celebrate records","article_publisher":"https:\/\/www.facebook.com\/VinylRecordPressingCelebrate","article_modified_time":"2025-10-02T07:25:04+00:00","og_image":[{"width":1024,"height":683,"url":"https:\/\/www.celebrate.de\/wp-content\/uploads\/2023\/05\/kundegluecklich2-1024x683.png","type":"image\/png"}],"twitter_card":"summary_large_image","twitter_misc":{"Est. reading time":"1 minute"},"schema":{"@context":"https:\/\/schema.org","@graph":[{"@type":"WebPage","@id":"https:\/\/www.celebrate.de\/kunde-gluecklich\/","url":"https:\/\/www.celebrate.de\/kunde-gluecklich\/","name":"Kunde gl\u00fccklich - celebrate records","isPartOf":{"@id":"https:\/\/www.celebrate.de\/#website"},"primaryImageOfPage":{"@id":"https:\/\/www.celebrate.de\/kunde-gluecklich\/#primaryimage"},"image":{"@id":"https:\/\/www.celebrate.de\/kunde-gluecklich\/#primaryimage"},"thumbnailUrl":"https:\/\/www.celebrate.de\/wp-content\/uploads\/2023\/05\/kundegluecklich2-1024x683.png","datePublished":"2023-05-09T12:12:50+00:00","dateModified":"2025-10-02T07:25:04+00:00","description":"celebrate records gratuliert zur fertig gestellten Vinylpressung und w\u00fcnscht viel Spa\u00df und Erfolg mit der neuen Schallplattenpressung.","breadcrumb":{"@id":"https:\/\/www.celebrate.de\/kunde-gluecklich\/#breadcrumb"},"inLanguage":"en-US","potentialAction":[{"@type":"ReadAction","target":["https:\/\/www.celebrate.de\/kunde-gluecklich\/"]}]},{"@type":"ImageObject","inLanguage":"en-US","@id":"https:\/\/www.celebrate.de\/kunde-gluecklich\/#primaryimage","url":"https:\/\/www.celebrate.de\/wp-content\/uploads\/2023\/05\/kundegluecklich2-1024x683.png","contentUrl":"https:\/\/www.celebrate.de\/wp-content\/uploads\/2023\/05\/kundegluecklich2-1024x683.png"},{"@type":"BreadcrumbList","@id":"https:\/\/www.celebrate.de\/kunde-gluecklich\/#breadcrumb","itemListElement":[{"@type":"ListItem","position":1,"name":"Startseite","item":"https:\/\/www.celebrate.de\/"},{"@type":"ListItem","position":2,"name":"Kunde gl\u00fccklich"}]},{"@type":"WebSite","@id":"https:\/\/www.celebrate.de\/#website","url":"https:\/\/www.celebrate.de\/","name":"celebrate records vinyl record pressing plant","description":"Vinyl record pressing plant, Schallplatten Presswerk, Schallplatten pressen lassen","publisher":{"@id":"https:\/\/www.celebrate.de\/#organization"},"potentialAction":[{"@type":"SearchAction","target":{"@type":"EntryPoint","urlTemplate":"https:\/\/www.celebrate.de\/?s={search_term_string}"},"query-input":{"@type":"PropertyValueSpecification","valueRequired":true,"valueName":"search_term_string"}}],"inLanguage":"en-US"},{"@type":"Organization","@id":"https:\/\/www.celebrate.de\/#organization","name":"celebrate records GmbH","url":"https:\/\/www.celebrate.de\/","logo":{"@type":"ImageObject","inLanguage":"en-US","@id":"https:\/\/www.celebrate.de\/#\/schema\/logo\/image\/","url":"https:\/\/www.celebrate.de\/wp-content\/uploads\/2022\/10\/cropped-Zeichenflaeche-2-8.png","contentUrl":"https:\/\/www.celebrate.de\/wp-content\/uploads\/2022\/10\/cropped-Zeichenflaeche-2-8.png","width":714,"height":421,"caption":"celebrate records GmbH"},"image":{"@id":"https:\/\/www.celebrate.de\/#\/schema\/logo\/image\/"},"sameAs":["https:\/\/www.facebook.com\/VinylRecordPressingCelebrate"]}]}},"_links":{"self":[{"href":"https:\/\/www.celebrate.de\/en\/wp-json\/wp\/v2\/pages\/5919","targetHints":{"allow":["GET"]}}],"collection":[{"href":"https:\/\/www.celebrate.de\/en\/wp-json\/wp\/v2\/pages"}],"about":[{"href":"https:\/\/www.celebrate.de\/en\/wp-json\/wp\/v2\/types\/page"}],"author":[{"embeddable":true,"href":"https:\/\/www.celebrate.de\/en\/wp-json\/wp\/v2\/users\/2"}],"replies":[{"embeddable":true,"href":"https:\/\/www.celebrate.de\/en\/wp-json\/wp\/v2\/comments?post=5919"}],"version-history":[{"count":10,"href":"https:\/\/www.celebrate.de\/en\/wp-json\/wp\/v2\/pages\/5919\/revisions"}],"predecessor-version":[{"id":15939,"href":"https:\/\/www.celebrate.de\/en\/wp-json\/wp\/v2\/pages\/5919\/revisions\/15939"}],"wp:attachment":[{"href":"https:\/\/www.celebrate.de\/en\/wp-json\/wp\/v2\/media?parent=5919"}],"curies":[{"name":"wp","href":"https:\/\/api.w.org\/{rel}","templated":true}]}}